{"id":3227,"date":"2025-03-07T02:06:33","date_gmt":"2025-03-07T07:06:33","guid":{"rendered":"https:\/\/synergie.clinic\/temoignages\/"},"modified":"2025-10-15T09:46:28","modified_gmt":"2025-10-15T13:46:28","slug":"temoignages","status":"publish","type":"page","link":"https:\/\/synergie.clinic\/fr\/temoignages\/","title":{"rendered":"T\u00e9moignages"},"content":{"rendered":"","protected":false},"excerpt":{"rendered":"","protected":false},"author":2,"featured_media":0,"parent":0,"menu_order":0,"comment_status":"closed","ping_status":"closed","template":"","meta":{"_seopress_robots_primary_cat":"","_seopress_titles_title":"T\u00e9moignages | +2,700 avis clients | Clinique Synergie","_seopress_titles_desc":"D\u00e9couvrez les exp\u00e9riences authentiques de clients ayant retrouv\u00e9 confort et mieux-\u00eatre gr\u00e2ce aux programmes holistiques de Clinique Synergie. Apprenez comment une approche personnalis\u00e9e peut transformer votre sant\u00e9 \u2014 naturellement. ","_seopress_robots_index":"","_seopress_analysis_target_kw":"","footnotes":""},"class_list":["post-3227","page","type-page","status-publish","hentry"],"_links":{"self":[{"href":"https:\/\/synergie.clinic\/fr\/wp-json\/wp\/v2\/pages\/3227","targetHints":{"allow":["GET"]}}],"collection":[{"href":"https:\/\/synergie.clinic\/fr\/wp-json\/wp\/v2\/pages"}],"about":[{"href":"https:\/\/synergie.clinic\/fr\/wp-json\/wp\/v2\/types\/page"}],"author":[{"embeddable":true,"href":"https:\/\/synergie.clinic\/fr\/wp-json\/wp\/v2\/users\/2"}],"replies":[{"embeddable":true,"href":"https:\/\/synergie.clinic\/fr\/wp-json\/wp\/v2\/comments?post=3227"}],"version-history":[{"count":1,"href":"https:\/\/synergie.clinic\/fr\/wp-json\/wp\/v2\/pages\/3227\/revisions"}],"predecessor-version":[{"id":3687,"href":"https:\/\/synergie.clinic\/fr\/wp-json\/wp\/v2\/pages\/3227\/revisions\/3687"}],"wp:attachment":[{"href":"https:\/\/synergie.clinic\/fr\/wp-json\/wp\/v2\/media?parent=3227"}],"curies":[{"name":"wp","href":"https:\/\/api.w.org\/{rel}","templated":true}]}}