{"id":3226,"date":"2025-03-01T03:08:26","date_gmt":"2025-03-01T08:08:26","guid":{"rendered":"https:\/\/synergie.clinic\/a-propos-de-nous\/notre-equipe\/"},"modified":"2025-03-01T03:08:26","modified_gmt":"2025-03-01T08:08:26","slug":"notre-equipe","status":"publish","type":"page","link":"https:\/\/synergie.clinic\/fr\/a-propos\/notre-equipe\/","title":{"rendered":"Notre \u00e9quipe"},"content":{"rendered":"","protected":false},"excerpt":{"rendered":"","protected":false},"author":2,"featured_media":0,"parent":3210,"menu_order":0,"comment_status":"closed","ping_status":"closed","template":"","meta":{"_seopress_robots_primary_cat":"","_seopress_titles_title":"Rencontrez notre \u00e9quipe | Clinic Synergie | Vivre sans allergies experts","_seopress_titles_desc":"D\u00e9couvrez l'\u00e9quipe exp\u00e9riment\u00e9e et compatissante de la Clinique Synergie qui se consacre \u00e0 fournir des solutions de soins de sant\u00e9 holistiques personnalis\u00e9es pour un bien-\u00eatre durable.","_seopress_robots_index":"","footnotes":""},"class_list":["post-3226","page","type-page","status-publish","hentry"],"_links":{"self":[{"href":"https:\/\/synergie.clinic\/fr\/wp-json\/wp\/v2\/pages\/3226","targetHints":{"allow":["GET"]}}],"collection":[{"href":"https:\/\/synergie.clinic\/fr\/wp-json\/wp\/v2\/pages"}],"about":[{"href":"https:\/\/synergie.clinic\/fr\/wp-json\/wp\/v2\/types\/page"}],"author":[{"embeddable":true,"href":"https:\/\/synergie.clinic\/fr\/wp-json\/wp\/v2\/users\/2"}],"replies":[{"embeddable":true,"href":"https:\/\/synergie.clinic\/fr\/wp-json\/wp\/v2\/comments?post=3226"}],"version-history":[{"count":0,"href":"https:\/\/synergie.clinic\/fr\/wp-json\/wp\/v2\/pages\/3226\/revisions"}],"up":[{"embeddable":true,"href":"https:\/\/synergie.clinic\/fr\/wp-json\/wp\/v2\/pages\/3210"}],"wp:attachment":[{"href":"https:\/\/synergie.clinic\/fr\/wp-json\/wp\/v2\/media?parent=3226"}],"curies":[{"name":"wp","href":"https:\/\/api.w.org\/{rel}","templated":true}]}}