{"id":3224,"date":"2024-01-12T13:17:34","date_gmt":"2024-01-12T18:17:34","guid":{"rendered":"https:\/\/synergie.clinic\/accueil\/"},"modified":"2024-01-12T13:17:34","modified_gmt":"2024-01-12T18:17:34","slug":"accueil","status":"publish","type":"page","link":"https:\/\/synergie.clinic\/fr\/","title":{"rendered":"Accueil"},"content":{"rendered":"","protected":false},"excerpt":{"rendered":"","protected":false},"author":2,"featured_media":2651,"parent":0,"menu_order":0,"comment_status":"closed","ping_status":"closed","template":"","meta":{"_seopress_robots_primary_cat":"","_seopress_titles_title":"Clinique Synergie | Soins personnalis\u00e9s des allergies et du bien-\u00eatre","_seopress_titles_desc":"Faites l'exp\u00e9rience de soins personnalis\u00e9s pour les allergies, les intol\u00e9rances et les hormones. Notre approche non invasive apporte un soulagement durable et une am\u00e9lioration du bien-\u00eatre. ","_seopress_robots_index":"","footnotes":""},"class_list":["post-3224","page","type-page","status-publish","has-post-thumbnail","hentry"],"_links":{"self":[{"href":"https:\/\/synergie.clinic\/fr\/wp-json\/wp\/v2\/pages\/3224","targetHints":{"allow":["GET"]}}],"collection":[{"href":"https:\/\/synergie.clinic\/fr\/wp-json\/wp\/v2\/pages"}],"about":[{"href":"https:\/\/synergie.clinic\/fr\/wp-json\/wp\/v2\/types\/page"}],"author":[{"embeddable":true,"href":"https:\/\/synergie.clinic\/fr\/wp-json\/wp\/v2\/users\/2"}],"replies":[{"embeddable":true,"href":"https:\/\/synergie.clinic\/fr\/wp-json\/wp\/v2\/comments?post=3224"}],"version-history":[{"count":0,"href":"https:\/\/synergie.clinic\/fr\/wp-json\/wp\/v2\/pages\/3224\/revisions"}],"wp:featuredmedia":[{"embeddable":true,"href":"https:\/\/synergie.clinic\/fr\/wp-json\/wp\/v2\/media\/2651"}],"wp:attachment":[{"href":"https:\/\/synergie.clinic\/fr\/wp-json\/wp\/v2\/media?parent=3224"}],"curies":[{"name":"wp","href":"https:\/\/api.w.org\/{rel}","templated":true}]}}