{"id":3213,"date":"2025-02-17T04:01:38","date_gmt":"2025-02-17T09:01:38","guid":{"rendered":"https:\/\/synergie.clinic\/politique-en-matiere-de-cookies\/"},"modified":"2025-05-10T21:51:42","modified_gmt":"2025-05-11T01:51:42","slug":"politique-de-cookies","status":"publish","type":"page","link":"https:\/\/synergie.clinic\/fr\/politique-de-cookies\/","title":{"rendered":"Politique de cookies"},"content":{"rendered":"","protected":false},"excerpt":{"rendered":"","protected":false},"author":2,"featured_media":0,"parent":0,"menu_order":0,"comment_status":"closed","ping_status":"closed","template":"","meta":{"_seopress_robots_primary_cat":"","_seopress_titles_title":"Politique en mati\u00e8re de cookies | Donn\u00e9es et confidentialit\u00e9","_seopress_titles_desc":"D\u00e9couvrez comment nous utilisons les cookies pour am\u00e9liorer votre exp\u00e9rience. Lisez notre politique en mati\u00e8re de cookies et g\u00e9rez vos pr\u00e9f\u00e9rences d\u00e8s aujourd'hui.","_seopress_robots_index":"","_seopress_analysis_target_kw":"","footnotes":""},"class_list":["post-3213","page","type-page","status-publish","hentry"],"_links":{"self":[{"href":"https:\/\/synergie.clinic\/fr\/wp-json\/wp\/v2\/pages\/3213","targetHints":{"allow":["GET"]}}],"collection":[{"href":"https:\/\/synergie.clinic\/fr\/wp-json\/wp\/v2\/pages"}],"about":[{"href":"https:\/\/synergie.clinic\/fr\/wp-json\/wp\/v2\/types\/page"}],"author":[{"embeddable":true,"href":"https:\/\/synergie.clinic\/fr\/wp-json\/wp\/v2\/users\/2"}],"replies":[{"embeddable":true,"href":"https:\/\/synergie.clinic\/fr\/wp-json\/wp\/v2\/comments?post=3213"}],"version-history":[{"count":1,"href":"https:\/\/synergie.clinic\/fr\/wp-json\/wp\/v2\/pages\/3213\/revisions"}],"predecessor-version":[{"id":3379,"href":"https:\/\/synergie.clinic\/fr\/wp-json\/wp\/v2\/pages\/3213\/revisions\/3379"}],"wp:attachment":[{"href":"https:\/\/synergie.clinic\/fr\/wp-json\/wp\/v2\/media?parent=3213"}],"curies":[{"name":"wp","href":"https:\/\/api.w.org\/{rel}","templated":true}]}}