{"id":3210,"date":"2024-05-27T21:23:55","date_gmt":"2024-05-28T01:23:55","guid":{"rendered":"https:\/\/synergie.clinic\/a-propos-de-nous\/"},"modified":"2025-10-15T09:59:53","modified_gmt":"2025-10-15T13:59:53","slug":"a-propos","status":"publish","type":"page","link":"https:\/\/synergie.clinic\/fr\/a-propos\/","title":{"rendered":"\u00c0 propos de nous"},"content":{"rendered":"","protected":false},"excerpt":{"rendered":"","protected":false},"author":2,"featured_media":2651,"parent":0,"menu_order":0,"comment_status":"closed","ping_status":"closed","template":"","meta":{"_seopress_robots_primary_cat":"","_seopress_titles_title":"\u00c0 propos de la Clinique Synergie | Notre histoire","_seopress_titles_desc":"D\u00e9couvrez notre mission et notre approche innovante du bien-\u00eatre gr\u00e2ce \u00e0 des soins non invasifs et personnalis\u00e9s pour un soulagement durable des sympt\u00f4mes et une am\u00e9lioration du bien-\u00eatre.","_seopress_robots_index":"","_seopress_analysis_target_kw":"","footnotes":""},"class_list":["post-3210","page","type-page","status-publish","has-post-thumbnail","hentry"],"_links":{"self":[{"href":"https:\/\/synergie.clinic\/fr\/wp-json\/wp\/v2\/pages\/3210","targetHints":{"allow":["GET"]}}],"collection":[{"href":"https:\/\/synergie.clinic\/fr\/wp-json\/wp\/v2\/pages"}],"about":[{"href":"https:\/\/synergie.clinic\/fr\/wp-json\/wp\/v2\/types\/page"}],"author":[{"embeddable":true,"href":"https:\/\/synergie.clinic\/fr\/wp-json\/wp\/v2\/users\/2"}],"replies":[{"embeddable":true,"href":"https:\/\/synergie.clinic\/fr\/wp-json\/wp\/v2\/comments?post=3210"}],"version-history":[{"count":2,"href":"https:\/\/synergie.clinic\/fr\/wp-json\/wp\/v2\/pages\/3210\/revisions"}],"predecessor-version":[{"id":3691,"href":"https:\/\/synergie.clinic\/fr\/wp-json\/wp\/v2\/pages\/3210\/revisions\/3691"}],"wp:featuredmedia":[{"embeddable":true,"href":"https:\/\/synergie.clinic\/fr\/wp-json\/wp\/v2\/media\/2651"}],"wp:attachment":[{"href":"https:\/\/synergie.clinic\/fr\/wp-json\/wp\/v2\/media?parent=3210"}],"curies":[{"name":"wp","href":"https:\/\/api.w.org\/{rel}","templated":true}]}}