{"id":3188,"date":"2024-05-27T21:23:55","date_gmt":"2024-05-28T01:23:55","guid":{"rendered":"https:\/\/synergie.clinic\/les-programmes\/"},"modified":"2025-11-03T15:45:14","modified_gmt":"2025-11-03T20:45:14","slug":"programmes","status":"publish","type":"page","link":"https:\/\/synergie.clinic\/fr\/programmes\/","title":{"rendered":"Les programmes"},"content":{"rendered":"","protected":false},"excerpt":{"rendered":"","protected":false},"author":2,"featured_media":2651,"parent":0,"menu_order":0,"comment_status":"closed","ping_status":"closed","template":"","meta":{"_seopress_robots_primary_cat":"","_seopress_titles_title":"Nos programmes | Plans de soins personnalis\u00e9s","_seopress_titles_desc":"D\u00e9couvrez nos programmes de soins personnalis\u00e9s con\u00e7us pour soulager les allergies, les intol\u00e9rances et les d\u00e9s\u00e9quilibres hormonaux \u00e0 l'aide de m\u00e9thodes non invasives.","_seopress_robots_index":"","_seopress_analysis_target_kw":"","footnotes":""},"class_list":["post-3188","page","type-page","status-publish","has-post-thumbnail","hentry"],"_links":{"self":[{"href":"https:\/\/synergie.clinic\/fr\/wp-json\/wp\/v2\/pages\/3188","targetHints":{"allow":["GET"]}}],"collection":[{"href":"https:\/\/synergie.clinic\/fr\/wp-json\/wp\/v2\/pages"}],"about":[{"href":"https:\/\/synergie.clinic\/fr\/wp-json\/wp\/v2\/types\/page"}],"author":[{"embeddable":true,"href":"https:\/\/synergie.clinic\/fr\/wp-json\/wp\/v2\/users\/2"}],"replies":[{"embeddable":true,"href":"https:\/\/synergie.clinic\/fr\/wp-json\/wp\/v2\/comments?post=3188"}],"version-history":[{"count":2,"href":"https:\/\/synergie.clinic\/fr\/wp-json\/wp\/v2\/pages\/3188\/revisions"}],"predecessor-version":[{"id":3825,"href":"https:\/\/synergie.clinic\/fr\/wp-json\/wp\/v2\/pages\/3188\/revisions\/3825"}],"wp:featuredmedia":[{"embeddable":true,"href":"https:\/\/synergie.clinic\/fr\/wp-json\/wp\/v2\/media\/2651"}],"wp:attachment":[{"href":"https:\/\/synergie.clinic\/fr\/wp-json\/wp\/v2\/media?parent=3188"}],"curies":[{"name":"wp","href":"https:\/\/api.w.org\/{rel}","templated":true}]}}