{"id":3186,"date":"2025-02-06T07:17:58","date_gmt":"2025-02-06T12:17:58","guid":{"rendered":"https:\/\/synergie.clinic\/localisation-a-victoriaville\/"},"modified":"2025-10-15T09:54:39","modified_gmt":"2025-10-15T13:54:39","slug":"clinique-victoriaville","status":"publish","type":"page","link":"https:\/\/synergie.clinic\/fr\/contact\/clinique-victoriaville\/","title":{"rendered":"Synergie \u00e0 Victoriaville"},"content":{"rendered":"","protected":false},"excerpt":{"rendered":"","protected":false},"author":2,"featured_media":2666,"parent":3215,"menu_order":0,"comment_status":"closed","ping_status":"closed","template":"","meta":{"_seopress_robots_primary_cat":"","_seopress_titles_title":"Clinique de Victoriaville | Soins accessibles","_seopress_titles_desc":"D\u00e9couvrez des soins accessibles et personnalis\u00e9s \u00e0 notre clinique de Victoriaville, con\u00e7us pour soulager les allergies, intol\u00e9rances et sensibilit\u00e9s et favoriser un bien-\u00eatre durable.","_seopress_robots_index":"","_seopress_analysis_target_kw":"","footnotes":""},"class_list":["post-3186","page","type-page","status-publish","has-post-thumbnail","hentry"],"_links":{"self":[{"href":"https:\/\/synergie.clinic\/fr\/wp-json\/wp\/v2\/pages\/3186","targetHints":{"allow":["GET"]}}],"collection":[{"href":"https:\/\/synergie.clinic\/fr\/wp-json\/wp\/v2\/pages"}],"about":[{"href":"https:\/\/synergie.clinic\/fr\/wp-json\/wp\/v2\/types\/page"}],"author":[{"embeddable":true,"href":"https:\/\/synergie.clinic\/fr\/wp-json\/wp\/v2\/users\/2"}],"replies":[{"embeddable":true,"href":"https:\/\/synergie.clinic\/fr\/wp-json\/wp\/v2\/comments?post=3186"}],"version-history":[{"count":3,"href":"https:\/\/synergie.clinic\/fr\/wp-json\/wp\/v2\/pages\/3186\/revisions"}],"predecessor-version":[{"id":3689,"href":"https:\/\/synergie.clinic\/fr\/wp-json\/wp\/v2\/pages\/3186\/revisions\/3689"}],"up":[{"embeddable":true,"href":"https:\/\/synergie.clinic\/fr\/wp-json\/wp\/v2\/pages\/3215"}],"wp:featuredmedia":[{"embeddable":true,"href":"https:\/\/synergie.clinic\/fr\/wp-json\/wp\/v2\/media\/2666"}],"wp:attachment":[{"href":"https:\/\/synergie.clinic\/fr\/wp-json\/wp\/v2\/media?parent=3186"}],"curies":[{"name":"wp","href":"https:\/\/api.w.org\/{rel}","templated":true}]}}